{"id":707,"date":"2021-09-13T21:20:06","date_gmt":"2021-09-13T21:20:06","guid":{"rendered":"http:\/\/www.pangeaturkey.com\/?page_id=707"},"modified":"2021-09-13T21:20:40","modified_gmt":"2021-09-13T21:20:40","slug":"dijitallesme-ve-dijital-pazarlama","status":"publish","type":"page","link":"https:\/\/www.pangeaturkey.com\/en\/dijitallesme-ve-dijital-pazarlama\/","title":{"rendered":"Digitalization and Digital Marketing"},"content":{"rendered":"<div data-elementor-type=\"wp-page\" data-elementor-id=\"707\" class=\"elementor elementor-707\" data-elementor-settings=\"[]\">\n\t\t\t\t\t\t<div class=\"elementor-inner\">\n\t\t\t\t\t\t\t<div class=\"elementor-section-wrap\">\n\t\t\t\t\t\t\t<section class=\"elementor-section elementor-top-section elementor-element elementor-element-4c78d9f elementor-section-boxed elementor-section-height-default elementor-section-height-default\" data-id=\"4c78d9f\" data-element_type=\"section\">\n\t\t\t\t\t\t<div class=\"elementor-container elementor-column-gap-default\">\n\t\t\t\t\t\t\t<div class=\"elementor-row\">\n\t\t\t\t\t<div class=\"elementor-column elementor-col-100 elementor-top-column elementor-element elementor-element-afcef59\" data-id=\"afcef59\" data-element_type=\"column\">\n\t\t\t<div class=\"elementor-column-wrap elementor-element-populated\">\n\t\t\t\t\t\t\t<div class=\"elementor-widget-wrap\">\n\t\t\t\t\t\t<div class=\"elementor-element elementor-element-906538e elementor-widget elementor-widget-spacer\" data-id=\"906538e\" data-element_type=\"widget\" data-widget_type=\"spacer.default\">\n\t\t\t\t<div class=\"elementor-widget-container\">\n\t\t\t\t\t<div class=\"elementor-spacer\">\n\t\t\t<div class=\"elementor-spacer-inner\"><\/div>\n\t\t<\/div>\n\t\t\t\t<\/div>\n\t\t\t\t<\/div>\n\t\t\t\t\t\t<\/div>\n\t\t\t\t\t<\/div>\n\t\t<\/div>\n\t\t\t\t\t\t\t\t<\/div>\n\t\t\t\t\t<\/div>\n\t\t<\/section>\n\t\t\t\t<section class=\"elementor-section elementor-top-section elementor-element elementor-element-a259253 elementor-section-boxed elementor-section-height-default elementor-section-height-default\" data-id=\"a259253\" data-element_type=\"section\">\n\t\t\t\t\t\t<div class=\"elementor-container elementor-column-gap-default\">\n\t\t\t\t\t\t\t<div class=\"elementor-row\">\n\t\t\t\t\t<div class=\"elementor-column elementor-col-100 elementor-top-column elementor-element elementor-element-2cf6083\" data-id=\"2cf6083\" data-element_type=\"column\">\n\t\t\t<div class=\"elementor-column-wrap elementor-element-populated\">\n\t\t\t\t\t\t\t<div class=\"elementor-widget-wrap\">\n\t\t\t\t\t\t<div class=\"elementor-element elementor-element-cd0ec68 elementor-widget elementor-widget-heading\" data-id=\"cd0ec68\" data-element_type=\"widget\" data-widget_type=\"heading.default\">\n\t\t\t\t<div class=\"elementor-widget-container\">\n\t\t\t<h2 class=\"elementor-heading-title elementor-size-default\"><span style=\"font-weight: normal;\">Dijitalle\u015fme, i\u015fletmeler g\u00fcn\u00fcm\u00fcz\u00fcn tart\u0131\u015f\u0131lmaz \u00f6nceliklerinden biri olarak kabul edilmektedir. \u0130\u015fletmelerde \u00fcretim, insan kaynaklar\u0131 y\u00f6netimi, i\u015f s\u00fcre\u00e7lerinin dijitale\u015fmesi ve tabi\u00ee ki pazarlama ve sat\u0131\u015f faaliyetleri vb. daha bir\u00e7ok alanda gelenekselden dijitale d\u00f6n\u00fc\u015f h\u0131z kazanmakta ve i\u015fletmelere \u00f6nemli avantajlar yaratmaktad\u0131r. Bu kapsamda Pangea Turkey olarak,\n\n\u2022\t\u0130\u015f-Performans Analizleri\n\u2022\tDijital Pazarlama\n\u2022\tM\u00fc\u015fteri \u0130li\u015fkileri Y\u00f6netimi (CRM)\n\u2022\t\u0130nsan Kaynaklar\u0131 Y\u00f6netimi\n\u2022\tLojistik optimizasyon alanlar\u0131nda bir\u00e7ok faaliyetinizi geleneksel i\u015f ak\u0131\u015flar\u0131ndan dijitale ta\u015f\u0131yarak verimsizliklerin oradan kald\u0131r\u0131lmas\u0131nda firman\u0131za destek sunuyoruz.\n<\/span><\/h2>\t\t<\/div>\n\t\t\t\t<\/div>\n\t\t\t\t\t\t<\/div>\n\t\t\t\t\t<\/div>\n\t\t<\/div>\n\t\t\t\t\t\t\t\t<\/div>\n\t\t\t\t\t<\/div>\n\t\t<\/section>\n\t\t\t\t\t\t<\/div>\n\t\t\t\t\t\t<\/div>\n\t\t\t\t\t<\/div>","protected":false},"excerpt":{"rendered":"<p class=\"text-justify\">Dijitalle\u015fme, i\u015fletmeler g\u00fcn\u00fcm\u00fcz\u00fcn tart\u0131\u015f\u0131lmaz \u00f6nceliklerinden biri olarak kabul edilmektedir. \u0130\u015fletmelerde \u00fcretim, insan kaynaklar\u0131 y\u00f6netimi, i\u015f s\u00fcre\u00e7lerinin dijitale\u015fmesi ve tabi\u00ee ki pazarlama ve sat\u0131\u015f faaliyetleri vb. [&hellip;]<\/p>","protected":false},"author":1,"featured_media":0,"parent":0,"menu_order":0,"comment_status":"closed","ping_status":"closed","template":"elementor_header_footer","meta":[],"_links":{"self":[{"href":"https:\/\/www.pangeaturkey.com\/en\/wp-json\/wp\/v2\/pages\/707"}],"collection":[{"href":"https:\/\/www.pangeaturkey.com\/en\/wp-json\/wp\/v2\/pages"}],"about":[{"href":"https:\/\/www.pangeaturkey.com\/en\/wp-json\/wp\/v2\/types\/page"}],"author":[{"embeddable":true,"href":"https:\/\/www.pangeaturkey.com\/en\/wp-json\/wp\/v2\/users\/1"}],"replies":[{"embeddable":true,"href":"https:\/\/www.pangeaturkey.com\/en\/wp-json\/wp\/v2\/comments?post=707"}],"version-history":[{"count":7,"href":"https:\/\/www.pangeaturkey.com\/en\/wp-json\/wp\/v2\/pages\/707\/revisions"}],"predecessor-version":[{"id":714,"href":"https:\/\/www.pangeaturkey.com\/en\/wp-json\/wp\/v2\/pages\/707\/revisions\/714"}],"wp:attachment":[{"href":"https:\/\/www.pangeaturkey.com\/en\/wp-json\/wp\/v2\/media?parent=707"}],"curies":[{"name":"wp","href":"https:\/\/api.w.org\/{rel}","templated":true}]}}