{"id":678,"date":"2021-09-13T17:34:13","date_gmt":"2021-09-13T17:34:13","guid":{"rendered":"http:\/\/www.pangeaturkey.com\/?page_id=678"},"modified":"2021-11-09T19:55:03","modified_gmt":"2021-11-09T19:55:03","slug":"kalkinma-ajansi-destekleri","status":"publish","type":"page","link":"https:\/\/www.pangeaturkey.com\/en\/kalkinma-ajansi-destekleri\/","title":{"rendered":"Development Agency Supports"},"content":{"rendered":"<div data-elementor-type=\"wp-page\" data-elementor-id=\"678\" class=\"elementor elementor-678\" data-elementor-settings=\"[]\">\n\t\t\t\t\t\t<div class=\"elementor-inner\">\n\t\t\t\t\t\t\t<div class=\"elementor-section-wrap\">\n\t\t\t\t\t\t\t<section class=\"elementor-section elementor-top-section elementor-element elementor-element-95d0a3f elementor-section-boxed elementor-section-height-default elementor-section-height-default\" data-id=\"95d0a3f\" data-element_type=\"section\">\n\t\t\t\t\t\t<div class=\"elementor-container elementor-column-gap-default\">\n\t\t\t\t\t\t\t<div class=\"elementor-row\">\n\t\t\t\t\t<div class=\"elementor-column elementor-col-100 elementor-top-column elementor-element elementor-element-54bac53\" data-id=\"54bac53\" data-element_type=\"column\">\n\t\t\t<div class=\"elementor-column-wrap elementor-element-populated\">\n\t\t\t\t\t\t\t<div class=\"elementor-widget-wrap\">\n\t\t\t\t\t\t<div class=\"elementor-element elementor-element-907079f elementor-widget elementor-widget-spacer\" data-id=\"907079f\" data-element_type=\"widget\" data-widget_type=\"spacer.default\">\n\t\t\t\t<div class=\"elementor-widget-container\">\n\t\t\t\t\t<div class=\"elementor-spacer\">\n\t\t\t<div class=\"elementor-spacer-inner\"><\/div>\n\t\t<\/div>\n\t\t\t\t<\/div>\n\t\t\t\t<\/div>\n\t\t\t\t<div class=\"elementor-element elementor-element-97ae04a elementor-widget elementor-widget-heading\" data-id=\"97ae04a\" data-element_type=\"widget\" data-widget_type=\"heading.default\">\n\t\t\t\t<div class=\"elementor-widget-container\">\n\t\t\t<h2 class=\"elementor-heading-title elementor-size-default\"><span style=\"font-weight: normal;\">Mevzuatlar\u0131n \u00f6ng\u00f6rd\u00fc\u011f\u00fc \u015fekilde yerel akt\u00f6rlerin kurumsal kapasitelerini art\u0131r\u0131c\u0131 \u00e7al\u0131\u015fmalar\u0131na destek sa\u011flamak \u00fczere b\u00f6lgesel kalk\u0131nma a\u00e7\u0131s\u0131ndan \u00f6nem arz eden \u00e7al\u0131\u015fmalar\u0131 desteklemeye y\u00f6nelik projelerdir. Her bir destek t\u00fcr\u00fcne ili\u015fkin kurallar farkl\u0131 olmakla beraber her ilan d\u00f6neminde ilgili destek t\u00fcr\u00fcne ili\u015fkin standart kurallar\u0131n yan\u0131 s\u0131ra destek program\u0131na \u00f6zg\u00fc baz\u0131 kurallar da belirlenebilmektedir.\n\nMali ve Teknik destek olmak \u00fczere iki ayr\u0131 ba\u015fl\u0131kta destek sa\u011flanabilmektedir.\n<\/span>\n<\/h2>\t\t<\/div>\n\t\t\t\t<\/div>\n\t\t\t\t\t\t<\/div>\n\t\t\t\t\t<\/div>\n\t\t<\/div>\n\t\t\t\t\t\t\t\t<\/div>\n\t\t\t\t\t<\/div>\n\t\t<\/section>\n\t\t\t\t<section class=\"elementor-section elementor-top-section elementor-element elementor-element-63d3869 elementor-section-boxed elementor-section-height-default elementor-section-height-default\" data-id=\"63d3869\" data-element_type=\"section\">\n\t\t\t\t\t\t<div class=\"elementor-container elementor-column-gap-default\">\n\t\t\t\t\t\t\t<div class=\"elementor-row\">\n\t\t\t\t\t<div class=\"elementor-column elementor-col-100 elementor-top-column elementor-element elementor-element-1131fec\" data-id=\"1131fec\" data-element_type=\"column\">\n\t\t\t<div class=\"elementor-column-wrap elementor-element-populated\">\n\t\t\t\t\t\t\t<div class=\"elementor-widget-wrap\">\n\t\t\t\t\t\t<div class=\"elementor-element elementor-element-60a5e62 elementor-widget elementor-widget-spacer\" data-id=\"60a5e62\" data-element_type=\"widget\" data-widget_type=\"spacer.default\">\n\t\t\t\t<div class=\"elementor-widget-container\">\n\t\t\t\t\t<div class=\"elementor-spacer\">\n\t\t\t<div class=\"elementor-spacer-inner\"><\/div>\n\t\t<\/div>\n\t\t\t\t<\/div>\n\t\t\t\t<\/div>\n\t\t\t\t\t\t<\/div>\n\t\t\t\t\t<\/div>\n\t\t<\/div>\n\t\t\t\t\t\t\t\t<\/div>\n\t\t\t\t\t<\/div>\n\t\t<\/section>\n\t\t\t\t\t\t<\/div>\n\t\t\t\t\t\t<\/div>\n\t\t\t\t\t<\/div>","protected":false},"excerpt":{"rendered":"<p class=\"text-justify\">Mevzuatlar\u0131n \u00f6ng\u00f6rd\u00fc\u011f\u00fc \u015fekilde yerel akt\u00f6rlerin kurumsal kapasitelerini art\u0131r\u0131c\u0131 \u00e7al\u0131\u015fmalar\u0131na destek sa\u011flamak \u00fczere b\u00f6lgesel kalk\u0131nma a\u00e7\u0131s\u0131ndan \u00f6nem arz eden \u00e7al\u0131\u015fmalar\u0131 desteklemeye y\u00f6nelik projelerdir. Her bir destek [&hellip;]<\/p>","protected":false},"author":1,"featured_media":0,"parent":0,"menu_order":0,"comment_status":"closed","ping_status":"closed","template":"elementor_header_footer","meta":[],"_links":{"self":[{"href":"https:\/\/www.pangeaturkey.com\/en\/wp-json\/wp\/v2\/pages\/678"}],"collection":[{"href":"https:\/\/www.pangeaturkey.com\/en\/wp-json\/wp\/v2\/pages"}],"about":[{"href":"https:\/\/www.pangeaturkey.com\/en\/wp-json\/wp\/v2\/types\/page"}],"author":[{"embeddable":true,"href":"https:\/\/www.pangeaturkey.com\/en\/wp-json\/wp\/v2\/users\/1"}],"replies":[{"embeddable":true,"href":"https:\/\/www.pangeaturkey.com\/en\/wp-json\/wp\/v2\/comments?post=678"}],"version-history":[{"count":10,"href":"https:\/\/www.pangeaturkey.com\/en\/wp-json\/wp\/v2\/pages\/678\/revisions"}],"predecessor-version":[{"id":900,"href":"https:\/\/www.pangeaturkey.com\/en\/wp-json\/wp\/v2\/pages\/678\/revisions\/900"}],"wp:attachment":[{"href":"https:\/\/www.pangeaturkey.com\/en\/wp-json\/wp\/v2\/media?parent=678"}],"curies":[{"name":"wp","href":"https:\/\/api.w.org\/{rel}","templated":true}]}}