{"id":660,"date":"2021-09-13T14:13:35","date_gmt":"2021-09-13T14:13:35","guid":{"rendered":"http:\/\/www.pangeaturkey.com\/?page_id=660"},"modified":"2021-09-13T21:49:40","modified_gmt":"2021-09-13T21:49:40","slug":"kosgeb-proje-danismanligi","status":"publish","type":"page","link":"https:\/\/www.pangeaturkey.com\/en\/kosgeb-proje-danismanligi\/","title":{"rendered":"Kosgeb Project Consultancy"},"content":{"rendered":"<div data-elementor-type=\"wp-page\" data-elementor-id=\"660\" class=\"elementor elementor-660\" data-elementor-settings=\"[]\">\n\t\t\t\t\t\t<div class=\"elementor-inner\">\n\t\t\t\t\t\t\t<div class=\"elementor-section-wrap\">\n\t\t\t\t\t\t\t<section class=\"elementor-section elementor-top-section elementor-element elementor-element-ea94460 elementor-section-boxed elementor-section-height-default elementor-section-height-default\" data-id=\"ea94460\" data-element_type=\"section\">\n\t\t\t\t\t\t<div class=\"elementor-container elementor-column-gap-default\">\n\t\t\t\t\t\t\t<div class=\"elementor-row\">\n\t\t\t\t\t<div class=\"elementor-column elementor-col-100 elementor-top-column elementor-element elementor-element-f54a876\" data-id=\"f54a876\" data-element_type=\"column\">\n\t\t\t<div class=\"elementor-column-wrap elementor-element-populated\">\n\t\t\t\t\t\t\t<div class=\"elementor-widget-wrap\">\n\t\t\t\t\t\t<div class=\"elementor-element elementor-element-45f4ed4 elementor-widget elementor-widget-spacer\" data-id=\"45f4ed4\" data-element_type=\"widget\" data-widget_type=\"spacer.default\">\n\t\t\t\t<div class=\"elementor-widget-container\">\n\t\t\t\t\t<div class=\"elementor-spacer\">\n\t\t\t<div class=\"elementor-spacer-inner\"><\/div>\n\t\t<\/div>\n\t\t\t\t<\/div>\n\t\t\t\t<\/div>\n\t\t\t\t<div class=\"elementor-element elementor-element-c69335b elementor-widget elementor-widget-heading\" data-id=\"c69335b\" data-element_type=\"widget\" data-widget_type=\"heading.default\">\n\t\t\t\t<div class=\"elementor-widget-container\">\n\t\t\t<h2 class=\"elementor-heading-title elementor-size-default\"><span style=\"font-weight: normal;\">KOSGEB taraf\u0131ndan gerekli ko\u015fullar\u0131 sa\u011flayan K\u00fc\u00e7\u00fck ve Orta B\u00fcy\u00fckl\u00fckteki i\u015fletmelere y\u00f6nelik proje ve ba\u015fvuru esasl\u0131 olarak y\u00fcr\u00fct\u00fclmekte olan hibe ve kredi temelli sa\u011flama ama\u00e7l\u0131 projelerin yaz\u0131m, y\u00f6netim ve sonu\u00e7land\u0131r\u0131lmas\u0131 a\u015famas\u0131nda destek sunulmaktad\u0131r. KOSGEB projeleri;<\/span><\/h2>\t\t<\/div>\n\t\t\t\t<\/div>\n\t\t\t\t\t\t<\/div>\n\t\t\t\t\t<\/div>\n\t\t<\/div>\n\t\t\t\t\t\t\t\t<\/div>\n\t\t\t\t\t<\/div>\n\t\t<\/section>\n\t\t\t\t<section class=\"elementor-section elementor-top-section elementor-element elementor-element-025ca01 elementor-section-boxed elementor-section-height-default elementor-section-height-default\" data-id=\"025ca01\" data-element_type=\"section\">\n\t\t\t\t\t\t<div class=\"elementor-container elementor-column-gap-default\">\n\t\t\t\t\t\t\t<div class=\"elementor-row\">\n\t\t\t\t\t<div class=\"elementor-column elementor-col-100 elementor-top-column elementor-element elementor-element-c6102ed\" data-id=\"c6102ed\" data-element_type=\"column\">\n\t\t\t<div class=\"elementor-column-wrap elementor-element-populated\">\n\t\t\t\t\t\t\t<div class=\"elementor-widget-wrap\">\n\t\t\t\t\t\t<div class=\"elementor-element elementor-element-84fcaa8 elementor-widget elementor-widget-heading\" data-id=\"84fcaa8\" data-element_type=\"widget\" data-widget_type=\"heading.default\">\n\t\t\t\t<div class=\"elementor-widget-container\">\n\t\t\t<h2 class=\"elementor-heading-title elementor-size-default\">\u2022\t\u0130\u015fletme Geli\u015ftirme, B\u00fcy\u00fcme ve Uluslararas\u0131la\u015fma Destekleri<\/h2>\t\t<\/div>\n\t\t\t\t<\/div>\n\t\t\t\t\t\t<\/div>\n\t\t\t\t\t<\/div>\n\t\t<\/div>\n\t\t\t\t\t\t\t\t<\/div>\n\t\t\t\t\t<\/div>\n\t\t<\/section>\n\t\t\t\t<section class=\"elementor-section elementor-top-section elementor-element elementor-element-84120ab elementor-section-boxed elementor-section-height-default elementor-section-height-default\" data-id=\"84120ab\" data-element_type=\"section\">\n\t\t\t\t\t\t<div class=\"elementor-container elementor-column-gap-default\">\n\t\t\t\t\t\t\t<div class=\"elementor-row\">\n\t\t\t\t\t<div class=\"elementor-column elementor-col-100 elementor-top-column elementor-element elementor-element-a62bd4e\" data-id=\"a62bd4e\" data-element_type=\"column\">\n\t\t\t<div class=\"elementor-column-wrap elementor-element-populated\">\n\t\t\t\t\t\t\t<div class=\"elementor-widget-wrap\">\n\t\t\t\t\t\t<div class=\"elementor-element elementor-element-1c8cc27 elementor-widget elementor-widget-heading\" data-id=\"1c8cc27\" data-element_type=\"widget\" data-widget_type=\"heading.default\">\n\t\t\t\t<div class=\"elementor-widget-container\">\n\t\t\t<h2 class=\"elementor-heading-title elementor-size-default\"><span style=\"font-weight: normal;\">Faaliyetleri belirli bir d\u00fczeye ula\u015fan i\u015fletmelerin b\u00fcy\u00fcme ve yurtd\u0131\u015f\u0131na a\u00e7\u0131lma ama\u00e7lar\u0131n\u0131 ger\u00e7ekle\u015ftirmeye y\u00f6nelik destekleri i\u00e7ermektedir. KOB\u0130\u2019ler i\u00e7in ulusal \u00f6ncelikli alanlara ve ihracat faaliyetlerini geli\u015ftirmeye y\u00f6nelik alanlarda destek sa\u011flanmaktad\u0131r.<\/span><\/h2>\t\t<\/div>\n\t\t\t\t<\/div>\n\t\t\t\t\t\t<\/div>\n\t\t\t\t\t<\/div>\n\t\t<\/div>\n\t\t\t\t\t\t\t\t<\/div>\n\t\t\t\t\t<\/div>\n\t\t<\/section>\n\t\t\t\t<section class=\"elementor-section elementor-top-section elementor-element elementor-element-7763a48 elementor-section-boxed elementor-section-height-default elementor-section-height-default\" data-id=\"7763a48\" data-element_type=\"section\">\n\t\t\t\t\t\t<div class=\"elementor-container elementor-column-gap-default\">\n\t\t\t\t\t\t\t<div class=\"elementor-row\">\n\t\t\t\t\t<div class=\"elementor-column elementor-col-100 elementor-top-column elementor-element elementor-element-cd48df9\" data-id=\"cd48df9\" data-element_type=\"column\">\n\t\t\t<div class=\"elementor-column-wrap elementor-element-populated\">\n\t\t\t\t\t\t\t<div class=\"elementor-widget-wrap\">\n\t\t\t\t\t\t<div class=\"elementor-element elementor-element-cdac74e elementor-widget elementor-widget-heading\" data-id=\"cdac74e\" data-element_type=\"widget\" data-widget_type=\"heading.default\">\n\t\t\t\t<div class=\"elementor-widget-container\">\n\t\t\t<h2 class=\"elementor-heading-title elementor-size-default\">\u2022\tAR-GE, Teknolojik \u00dcretim ve Yerlile\u015ftirme Destekleri<\/h2>\t\t<\/div>\n\t\t\t\t<\/div>\n\t\t\t\t<div class=\"elementor-element elementor-element-ede1a37 elementor-widget elementor-widget-heading\" data-id=\"ede1a37\" data-element_type=\"widget\" data-widget_type=\"heading.default\">\n\t\t\t\t<div class=\"elementor-widget-container\">\n\t\t\t<h2 class=\"elementor-heading-title elementor-size-default\"><span style=\"font-weight: normal;\">KOSGEB taraf\u0131ndan belirli tarihlerde a\u00e7\u0131lmakta olan destek t\u00fcrlerini i\u00e7ermektedir. Yeni \u00fcr\u00fcn geli\u015ftirme (Ar-GE), \u00fcretim sistemlerinin geli\u015ftirilmesi,  stratejik nitelikte kabul edilen \u00fcr\u00fcnlerin \u00fcretimi ve teknolojik \u00fcr\u00fcn yat\u0131r\u0131mlar\u0131na destek sa\u011flanmaktad\u0131r.<\/span><\/h2>\t\t<\/div>\n\t\t\t\t<\/div>\n\t\t\t\t\t\t<\/div>\n\t\t\t\t\t<\/div>\n\t\t<\/div>\n\t\t\t\t\t\t\t\t<\/div>\n\t\t\t\t\t<\/div>\n\t\t<\/section>\n\t\t\t\t\t\t<\/div>\n\t\t\t\t\t\t<\/div>\n\t\t\t\t\t<\/div>","protected":false},"excerpt":{"rendered":"<p class=\"text-justify\">KOSGEB taraf\u0131ndan gerekli ko\u015fullar\u0131 sa\u011flayan K\u00fc\u00e7\u00fck ve Orta B\u00fcy\u00fckl\u00fckteki i\u015fletmelere y\u00f6nelik proje ve ba\u015fvuru esasl\u0131 olarak y\u00fcr\u00fct\u00fclmekte olan hibe ve kredi temelli sa\u011flama ama\u00e7l\u0131 projelerin [&hellip;]<\/p>","protected":false},"author":1,"featured_media":0,"parent":0,"menu_order":0,"comment_status":"closed","ping_status":"closed","template":"elementor_header_footer","meta":[],"_links":{"self":[{"href":"https:\/\/www.pangeaturkey.com\/en\/wp-json\/wp\/v2\/pages\/660"}],"collection":[{"href":"https:\/\/www.pangeaturkey.com\/en\/wp-json\/wp\/v2\/pages"}],"about":[{"href":"https:\/\/www.pangeaturkey.com\/en\/wp-json\/wp\/v2\/types\/page"}],"author":[{"embeddable":true,"href":"https:\/\/www.pangeaturkey.com\/en\/wp-json\/wp\/v2\/users\/1"}],"replies":[{"embeddable":true,"href":"https:\/\/www.pangeaturkey.com\/en\/wp-json\/wp\/v2\/comments?post=660"}],"version-history":[{"count":18,"href":"https:\/\/www.pangeaturkey.com\/en\/wp-json\/wp\/v2\/pages\/660\/revisions"}],"predecessor-version":[{"id":727,"href":"https:\/\/www.pangeaturkey.com\/en\/wp-json\/wp\/v2\/pages\/660\/revisions\/727"}],"wp:attachment":[{"href":"https:\/\/www.pangeaturkey.com\/en\/wp-json\/wp\/v2\/media?parent=660"}],"curies":[{"name":"wp","href":"https:\/\/api.w.org\/{rel}","templated":true}]}}