{"id":141,"date":"2019-06-22T16:15:04","date_gmt":"2019-06-22T16:15:04","guid":{"rendered":"https:\/\/www.postmagthemes.com\/demoproisha\/?page_id=8"},"modified":"2021-11-22T17:43:02","modified_gmt":"2021-11-22T17:43:02","slug":"hakkimizda","status":"publish","type":"page","link":"https:\/\/www.pangeaturkey.com\/en\/hakkimizda\/","title":{"rendered":"Pangea Turkey"},"content":{"rendered":"<div data-elementor-type=\"wp-page\" data-elementor-id=\"141\" class=\"elementor elementor-141\" data-elementor-settings=\"[]\">\n\t\t\t\t\t\t<div class=\"elementor-inner\">\n\t\t\t\t\t\t\t<div class=\"elementor-section-wrap\">\n\t\t\t\t\t\t\t<section class=\"elementor-section elementor-top-section elementor-element elementor-element-66e4ec54 elementor-section-boxed elementor-section-height-default elementor-section-height-default\" data-id=\"66e4ec54\" data-element_type=\"section\">\n\t\t\t\t\t\t<div class=\"elementor-container elementor-column-gap-default\">\n\t\t\t\t\t\t\t<div class=\"elementor-row\">\n\t\t\t\t\t<div class=\"elementor-column elementor-col-100 elementor-top-column elementor-element elementor-element-37d76928\" data-id=\"37d76928\" data-element_type=\"column\">\n\t\t\t<div class=\"elementor-column-wrap elementor-element-populated\">\n\t\t\t\t\t\t\t<div class=\"elementor-widget-wrap\">\n\t\t\t\t\t\t<div class=\"elementor-element elementor-element-6f555a47 elementor-widget elementor-widget-text-editor\" data-id=\"6f555a47\" data-element_type=\"widget\" data-widget_type=\"text-editor.default\">\n\t\t\t\t<div class=\"elementor-widget-container\">\n\t\t\t\t\t\t\t\t<div class=\"elementor-text-editor elementor-clearfix\">\n\t\t\t\t\t<p>\u00a0<\/p>\n<p>\u00a0<\/p>\n\n<!-- wp:paragraph -->\n<p><\/p>\n<!-- \/wp:paragraph -->\t\t\t\t\t<\/div>\n\t\t\t\t\t\t<\/div>\n\t\t\t\t<\/div>\n\t\t\t\t\t\t<\/div>\n\t\t\t\t\t<\/div>\n\t\t<\/div>\n\t\t\t\t\t\t\t\t<\/div>\n\t\t\t\t\t<\/div>\n\t\t<\/section>\n\t\t\t\t<section class=\"elementor-section elementor-top-section elementor-element elementor-element-64027ae elementor-section-boxed elementor-section-height-default elementor-section-height-default\" data-id=\"64027ae\" data-element_type=\"section\">\n\t\t\t\t\t\t<div class=\"elementor-container elementor-column-gap-default\">\n\t\t\t\t\t\t\t<div class=\"elementor-row\">\n\t\t\t\t\t<div class=\"elementor-column elementor-col-50 elementor-top-column elementor-element elementor-element-9208031\" data-id=\"9208031\" data-element_type=\"column\">\n\t\t\t<div class=\"elementor-column-wrap elementor-element-populated\">\n\t\t\t\t\t\t\t<div class=\"elementor-widget-wrap\">\n\t\t\t\t\t\t<div class=\"elementor-element elementor-element-1ae1e48 elementor-widget elementor-widget-text-editor\" data-id=\"1ae1e48\" data-element_type=\"widget\" data-widget_type=\"text-editor.default\">\n\t\t\t\t<div class=\"elementor-widget-container\">\n\t\t\t\t\t\t\t\t<div class=\"elementor-text-editor elementor-clearfix\">\n\t\t\t\t\t<p>Pangea started to serve in the field of tourism-events in 2017, and in a short time organized many corporate companies, associations and organizations.<\/p>\n<p>\u00a0<\/p>\n<p class=\" translation-block\">- As of 2020, it has started to operate in the fields of engineering and trade and aims to be one of the leading companies in the import-export sector.<\/p>\n<p>\u00a0<\/p>\n<p class=\" translation-block\">- In July 2020, by the agreement with Eco Factory Co. became the sole authorized distributor of Japan origin product \"Ecowin Antivirus Air Conditioner Filter\" in Turkey.<\/p>\n<p>\u00a0<\/p>\n<p>-As of May 2021, it has become the sole authority in all export processes of the Iliona brand, which has a history of 16 years and is the choice of more than 300 beauty centers in Turkey.\u00a0<\/p>\n<p>\u00a0<\/p>\n<p>In addition, it offers a wide range of products with various collaborations ranging from food to health and hygiene sectors, and also provides consultancy in the process of opening many companies to foreign markets, accompanied by expert academics.\u00a0<\/p>\n<p>\u00a0<\/p>\t\t\t\t\t<\/div>\n\t\t\t\t\t\t<\/div>\n\t\t\t\t<\/div>\n\t\t\t\t\t\t<\/div>\n\t\t\t\t\t<\/div>\n\t\t<\/div>\n\t\t\t\t<div class=\"elementor-column elementor-col-50 elementor-top-column elementor-element elementor-element-76d66b1\" data-id=\"76d66b1\" data-element_type=\"column\">\n\t\t\t<div class=\"elementor-column-wrap elementor-element-populated\">\n\t\t\t\t\t\t\t<div class=\"elementor-widget-wrap\">\n\t\t\t\t\t\t<div class=\"elementor-element elementor-element-455f47f elementor-widget elementor-widget-image\" data-id=\"455f47f\" data-element_type=\"widget\" data-widget_type=\"image.default\">\n\t\t\t\t<div class=\"elementor-widget-container\">\n\t\t\t\t\t\t\t\t<div class=\"elementor-image\">\n\t\t\t\t\t\t\t\t\t\t\t\t<img width=\"640\" height=\"427\" src=\"https:\/\/www.pangeaturkey.com\/wp-content\/uploads\/2019\/09\/office-room-classroom-design-commercial-business-people-553428-pxhere.com_-768x512.jpg\" class=\"attachment-medium_large size-medium_large\" alt=\"\" loading=\"lazy\" srcset=\"https:\/\/www.pangeaturkey.com\/wp-content\/uploads\/2019\/09\/office-room-classroom-design-commercial-business-people-553428-pxhere.com_-768x512.jpg 768w, https:\/\/www.pangeaturkey.com\/wp-content\/uploads\/2019\/09\/office-room-classroom-design-commercial-business-people-553428-pxhere.com_-300x200.jpg 300w, https:\/\/www.pangeaturkey.com\/wp-content\/uploads\/2019\/09\/office-room-classroom-design-commercial-business-people-553428-pxhere.com_-1024x683.jpg 1024w, https:\/\/www.pangeaturkey.com\/wp-content\/uploads\/2019\/09\/office-room-classroom-design-commercial-business-people-553428-pxhere.com_-1536x1024.jpg 1536w, https:\/\/www.pangeaturkey.com\/wp-content\/uploads\/2019\/09\/office-room-classroom-design-commercial-business-people-553428-pxhere.com_-560x373.jpg 560w, https:\/\/www.pangeaturkey.com\/wp-content\/uploads\/2019\/09\/office-room-classroom-design-commercial-business-people-553428-pxhere.com_-348x232.jpg 348w, https:\/\/www.pangeaturkey.com\/wp-content\/uploads\/2019\/09\/office-room-classroom-design-commercial-business-people-553428-pxhere.com_-395x263.jpg 395w, https:\/\/www.pangeaturkey.com\/wp-content\/uploads\/2019\/09\/office-room-classroom-design-commercial-business-people-553428-pxhere.com_.jpg 1575w\" sizes=\"(max-width: 640px) 100vw, 640px\" \/>\t\t\t\t\t\t\t\t\t\t\t\t\t\t<\/div>\n\t\t\t\t\t\t<\/div>\n\t\t\t\t<\/div>\n\t\t\t\t\t\t<\/div>\n\t\t\t\t\t<\/div>\n\t\t<\/div>\n\t\t\t\t\t\t\t\t<\/div>\n\t\t\t\t\t<\/div>\n\t\t<\/section>\n\t\t\t\t<section class=\"elementor-section elementor-top-section elementor-element elementor-element-cefce48 elementor-section-boxed elementor-section-height-default elementor-section-height-default\" data-id=\"cefce48\" data-element_type=\"section\">\n\t\t\t\t\t\t<div class=\"elementor-container elementor-column-gap-default\">\n\t\t\t\t\t\t\t<div class=\"elementor-row\">\n\t\t\t\t\t\t\t\t\t<\/div>\n\t\t\t\t\t<\/div>\n\t\t<\/section>\n\t\t\t\t<section class=\"elementor-section elementor-top-section elementor-element elementor-element-6a914ca elementor-section-boxed elementor-section-height-default elementor-section-height-default\" data-id=\"6a914ca\" data-element_type=\"section\">\n\t\t\t\t\t\t<div class=\"elementor-container elementor-column-gap-default\">\n\t\t\t\t\t\t\t<div class=\"elementor-row\">\n\t\t\t\t\t<div class=\"elementor-column elementor-col-100 elementor-top-column elementor-element elementor-element-f00562a\" data-id=\"f00562a\" data-element_type=\"column\">\n\t\t\t<div class=\"elementor-column-wrap elementor-element-populated\">\n\t\t\t\t\t\t\t<div class=\"elementor-widget-wrap\">\n\t\t\t\t\t\t<div class=\"elementor-element elementor-element-b124b65 elementor-widget elementor-widget-spacer\" data-id=\"b124b65\" data-element_type=\"widget\" data-widget_type=\"spacer.default\">\n\t\t\t\t<div class=\"elementor-widget-container\">\n\t\t\t\t\t<div class=\"elementor-spacer\">\n\t\t\t<div class=\"elementor-spacer-inner\"><\/div>\n\t\t<\/div>\n\t\t\t\t<\/div>\n\t\t\t\t<\/div>\n\t\t\t\t\t\t<\/div>\n\t\t\t\t\t<\/div>\n\t\t<\/div>\n\t\t\t\t\t\t\t\t<\/div>\n\t\t\t\t\t<\/div>\n\t\t<\/section>\n\t\t\t\t\t\t<\/div>\n\t\t\t\t\t\t<\/div>\n\t\t\t\t\t<\/div>","protected":false},"excerpt":{"rendered":"<p class=\"text-justify\">\u00a0 \u00a0 Pangea, 2017 y\u0131l\u0131nda turizm-etkinlik alan\u0131nda hizmet vermeye ba\u015flam\u0131\u015f ve sekt\u00f6re h\u0131zl\u0131 bir giri\u015f yaparak, k\u0131sa s\u00fcrede bir\u00e7ok kurumsal firma, dernek ve kurulu\u015fun organizasyonlar\u0131n\u0131n [&hellip;]<\/p>","protected":false},"author":1,"featured_media":123,"parent":0,"menu_order":0,"comment_status":"closed","ping_status":"closed","template":"elementor_header_footer","meta":[],"_links":{"self":[{"href":"https:\/\/www.pangeaturkey.com\/en\/wp-json\/wp\/v2\/pages\/141"}],"collection":[{"href":"https:\/\/www.pangeaturkey.com\/en\/wp-json\/wp\/v2\/pages"}],"about":[{"href":"https:\/\/www.pangeaturkey.com\/en\/wp-json\/wp\/v2\/types\/page"}],"author":[{"embeddable":true,"href":"https:\/\/www.pangeaturkey.com\/en\/wp-json\/wp\/v2\/users\/1"}],"replies":[{"embeddable":true,"href":"https:\/\/www.pangeaturkey.com\/en\/wp-json\/wp\/v2\/comments?post=141"}],"version-history":[{"count":46,"href":"https:\/\/www.pangeaturkey.com\/en\/wp-json\/wp\/v2\/pages\/141\/revisions"}],"predecessor-version":[{"id":1038,"href":"https:\/\/www.pangeaturkey.com\/en\/wp-json\/wp\/v2\/pages\/141\/revisions\/1038"}],"wp:featuredmedia":[{"embeddable":true,"href":"https:\/\/www.pangeaturkey.com\/en\/wp-json\/wp\/v2\/media\/123"}],"wp:attachment":[{"href":"https:\/\/www.pangeaturkey.com\/en\/wp-json\/wp\/v2\/media?parent=141"}],"curies":[{"name":"wp","href":"https:\/\/api.w.org\/{rel}","templated":true}]}}